{"id":55,"date":"2020-03-11T20:13:13","date_gmt":"2020-03-11T20:13:13","guid":{"rendered":"https:\/\/tschechinatorin.de\/?page_id=55"},"modified":"2024-04-28T07:33:44","modified_gmt":"2024-04-28T07:33:44","slug":"preise","status":"publish","type":"page","link":"https:\/\/tschechinatorin.de\/index.php\/preise\/","title":{"rendered":"Preise"},"content":{"rendered":"\n<p class=\"has-text-color\" style=\"color:#7a5148\"><strong>im Vorfeld<\/strong>:::<strong>individuell:::<\/strong><strong>pr\u00e4zise<\/strong><\/p>\n\n\n\n<p class=\"has-text-color has-link-color wp-elements-613a4bda4ba3c509dd009da825ff7176\" style=\"color:#b71f3b\"><strong>Preis<\/strong> f\u00fcr <strong>deutsch-tschechische Kooperation<\/strong> und <strong>Projektbegleitung<\/strong>:<\/p>\n\n\n\n<p class=\"has-text-color has-link-color wp-elements-9e2ffd5f451f8b23de590f5456f800ef\" style=\"color:#7a5148\">Auf Grundlage Ihrer Anfrage sende ich Ihnen per E-Mail ein konkretes Preisangebot. <\/p>\n\n\n\n<h3 class=\"wp-block-heading has-text-color\" style=\"color:#b71f3b\"><strong>Haben Sie ein besonderes Anliegen?<\/strong><\/h3>\n\n\n\n<p class=\"has-text-color has-medium-font-size\" style=\"color:#7a5148\">Senden Sie mir Ihre Anfrage per E-Mail:<br><strong>sabina.pappenberger@gmail.de<\/strong><\/p>\n\n\n\n<p class=\"has-text-color\" style=\"color:#7a5148\"><\/p>\n\n\n\n<p class=\"has-text-color has-medium-font-size\" style=\"color:#b71f3b\"><strong>Orientierungspreise<br>\u2013<br>\u00dcbersetzung <\/strong>(nicht beglaubigt)<strong>:<\/strong><\/p>\n\n\n\n<p class=\"has-text-color\" style=\"color:#7a5148\"><em><strong>\u00dcbersetzen <\/strong>ist das schriftliche \u00dcbertragen der Texte in eine andere Sprache. F\u00fcr die Kalkulation gibt es mehrere <strong>branchen\u00fcbliche Berechnungsschl\u00fcssel<\/strong>:<\/em><\/p>\n\n\n\n<p class=\"has-text-color\" style=\"color:#b71f3b\"><strong>Normseite<\/strong> <strong>(NS)<\/strong><\/p>\n\n\n\n<p class=\"has-text-color\" style=\"color:#7a5148\"><em>Meistens<br>kalkuliere ich den Preis &nbsp;<\/em><em>f\u00fcr <\/em><em>d<\/em><em>ie<\/em><em><br>\u00dcbersetzung\/Texterstellung nach <\/em><em>den <\/em><em>Normseiten.<br>Eine NS besteht aus 1800 Anschl\u00e4gen (inkl. Leerzeichen). <\/em><em>Die Menge<br>bezieht sich auf die deutsche Quellsprache.<\/em> <\/p>\n\n\n\n<p class=\"has-text-color\" style=\"color:#7a5148\"><strong>1 NS kostet <\/strong>je nach der<strong> Preisgruppe: <\/strong> <strong>a) <\/strong><em>leicht<\/em><strong> ab 27,90 \u20ac &nbsp;b)<em> <\/em><\/strong><em>mittel<\/em><strong> ab 32,90 \u20ac &nbsp;c) <\/strong><em>schwierig<\/em><strong> ab 36,90 \u20ac<\/strong><\/p>\n\n\n\n<p class=\"has-text-color has-link-color wp-elements-27c6238a97b922c12ac3901310eff641\" style=\"color:#7a5148\"><em><strong>Mindestauftragswert <\/strong>pro \u00dcbersetzungsauftrags entspricht 1 NS<\/em>. <\/p>\n\n\n\n<p class=\"has-text-color\" style=\"color:#b71f3b\"><strong>Preisgruppen <\/strong><\/p>\n\n\n\n<p class=\"has-text-color\" style=\"color:#7a5148\">  <strong>a) einfach <\/strong><\/p>\n\n\n\n<p class=\"has-text-color\" style=\"color:#7a5148\">Allgemeinsprachliche \u00dcbersetzungen ohne eine n\u00f6tige Recherche, ohne Fachterminologie, ohne Vorarbeit  und grafische Bearbeitung<\/p>\n\n\n\n<p class=\"has-text-color\" style=\"color:#7a5148\">&nbsp;&nbsp;<strong>b) mittel<\/strong><\/p>\n\n\n\n<p class=\"has-text-color\" style=\"color:#7a5148\">Texte mit einem mittelm\u00e4\u00dfigen Zeitaufwand, einfache Fach\u00fcbersetzungen, kleine Recherchen (z.B. historische Korrektheit), wenige Fachw\u00f6rter, Jargon, interne Firmendokumente usw.<\/p>\n\n\n\n<p class=\"has-text-color\" style=\"color:#7a5148\">&nbsp;&nbsp;<strong>c) anspruchsvoll <\/strong><\/p>\n\n\n\n<p class=\"has-text-color\" style=\"color:#7a5148\">Zeitaufwendige \u00dcbersetzungen, Texterstellen, Dialekt, Fachsprache, ein n\u00f6tiges Einarbeiten ins Thema \u00f6.\u00c4. <\/p>\n\n\n\n<p class=\"has-text-color\" style=\"color:#b71f3b\"><strong>Stundensatz<\/strong><strong><\/strong><\/p>\n\n\n\n<p class=\"has-text-color\" style=\"color:#7a5148\"><em>Ma\u00dfgeblich f\u00fcr<br>sonstige <\/em><em>T\u00e4tigkeiten<br>und <\/em><em>Aufwendungen f\u00fcr<br>\u00dcbersetzung, Korrektorat, Lektorat, Bearbeitung von \u00dcbersetzungen schlechter<br>Qualit\u00e4t (z.B. online \u00dcbersetzer)<\/em>, kreatives Schreiben usw.<\/p>\n\n\n\n<p class=\"has-text-color\" style=\"color:#7a5148\"><strong>Sprachdienstleistungen: 69 \u20ac \/ Stunde<\/strong><\/p>\n\n\n\n<p class=\"has-text-color\" style=\"color:#b71f3b\"><strong>Beglaubigte<\/strong> <strong>\u00dcbersetzungen<\/strong>:<\/p>\n\n\n\n<p class=\"has-text-color has-link-color wp-elements-e88de0b7fcead881cc51ef61827201e5\" style=\"color:#7a5148\">In Zusammenarbeit mit meinen tschechischen Kollegen. Bitte fragen Sie beim Bedarf nach dem aktuellen Preis.<\/p>\n\n\n\n<p class=\"has-text-color\" style=\"color:#b71f3b\"><strong>Tagess<\/strong><strong>atz<\/strong> (ausw\u00e4rtige Projekte): <\/p>\n\n\n\n<p class=\"has-text-color\" style=\"color:#7a5148\">500 \u20ac \/ 8 Stunden + Fahrtkosten <\/p>\n\n\n\n<p class=\"has-text-color\" style=\"color:#b71f3b\"><strong>Fahrtkosten:<\/strong><\/p>\n\n\n\n<p class=\"has-text-color\" style=\"color:#7a5148\">0,39 \/\nkm (hin und wieder zur\u00fcck)<\/p>\n\n\n\n<p class=\"has-text-color\" style=\"color:#7a5148\"><em>Die Fahrtkosten enthalten nicht nur den Preis f\u00fcr\neinen Kraftstoff, sondern auch <\/em><em>den<\/em><em>\nZeitaufwand und s\u00e4mtliche Nebenkosten.<\/em><\/p>\n\n\n\n<p class=\"has-text-color has-medium-font-size\" style=\"color:#b71f3b\"><strong>Literatur\u00fcbersetzungen:<\/strong><\/p>\n\n\n\n<p class=\"has-text-color\" style=\"color:#7a5148\">Preis: VB<\/p>\n\n\n\n<p class=\"has-text-color\" style=\"color:#7a5148\"><strong><em>Gem\u00e4\u00df \u00a7 19 des UStG wird keine Umsatzsteuer berechnet.<\/em><\/strong><\/p>\n\n\n\n<p class=\"has-text-color\" style=\"color:#7a5148\">Die obigen Preise sind unverbindliche Richtpreise, die nur Ihrer ersten Orientierung \u00fcber den Preisrahmen dienen.<\/p>\n\n\n\n<p class=\"has-text-color has-medium-font-size\" style=\"color:#7a5148\">Senden Sie mir Ihre Anfrage bitte vorzugsweise per E-Mail:<br><strong>sabina.pappenberger@gmail.de<\/strong><\/p>\n\n\n\n<p class=\"has-small-font-size\"><a href=\"https:\/\/tschechinatorin.de\/index.php\/datenschutz\/\" target=\"_blank\" rel=\"noreferrer noopener\">Datenschutzerkl\u00e4rung<\/a><\/p>\n","protected":false},"excerpt":{"rendered":"<p>im Vorfeld:::individuell:::pr\u00e4zise Preis f\u00fcr deutsch-tschechische Kooperation und Projektbegleitung: Auf Grundlage Ihrer Anfrage sende ich Ihnen &hellip; <\/p>\n","protected":false},"author":1,"featured_media":50,"parent":0,"menu_order":0,"comment_status":"closed","ping_status":"closed","template":"","meta":{"footnotes":""},"_links":{"self":[{"href":"https:\/\/tschechinatorin.de\/index.php\/wp-json\/wp\/v2\/pages\/55"}],"collection":[{"href":"https:\/\/tschechinatorin.de\/index.php\/wp-json\/wp\/v2\/pages"}],"about":[{"href":"https:\/\/tschechinatorin.de\/index.php\/wp-json\/wp\/v2\/types\/page"}],"author":[{"embeddable":true,"href":"https:\/\/tschechinatorin.de\/index.php\/wp-json\/wp\/v2\/users\/1"}],"replies":[{"embeddable":true,"href":"https:\/\/tschechinatorin.de\/index.php\/wp-json\/wp\/v2\/comments?post=55"}],"version-history":[{"count":17,"href":"https:\/\/tschechinatorin.de\/index.php\/wp-json\/wp\/v2\/pages\/55\/revisions"}],"predecessor-version":[{"id":471,"href":"https:\/\/tschechinatorin.de\/index.php\/wp-json\/wp\/v2\/pages\/55\/revisions\/471"}],"wp:featuredmedia":[{"embeddable":true,"href":"https:\/\/tschechinatorin.de\/index.php\/wp-json\/wp\/v2\/media\/50"}],"wp:attachment":[{"href":"https:\/\/tschechinatorin.de\/index.php\/wp-json\/wp\/v2\/media?parent=55"}],"curies":[{"name":"wp","href":"https:\/\/api.w.org\/{rel}","templated":true}]}}