{"id":17,"date":"2020-01-12T20:20:16","date_gmt":"2020-01-12T20:20:16","guid":{"rendered":"https:\/\/tschechinatorin.de\/?page_id=17"},"modified":"2024-04-17T11:37:08","modified_gmt":"2024-04-17T11:37:08","slug":"leistungen","status":"publish","type":"page","link":"https:\/\/tschechinatorin.de\/index.php\/leistungen\/","title":{"rendered":"Dienstleistungen"},"content":{"rendered":"\n<h2 class=\"wp-block-heading has-text-color\" style=\"color:#b71f3b\"><strong>Sprachmittler \u2013\nDienstleistungen<\/strong><\/h2>\n\n\n\n<p class=\"has-text-color\" style=\"color:#7a5418\"><\/p>\n\n\n\n<p class=\"has-text-color has-medium-font-size\" style=\"color:#b71f3b\"><strong>\u00dcbersetzungen<\/strong>:<\/p>\n\n\n\n<p class=\"has-text-color\" style=\"color:#7a5418\">Tschechisch\n\u2194 Deutsch<\/p>\n\n\n\n<p class=\"has-text-color\" style=\"color:#7a5418\">Webseiten \u2013 Werbetexte \u2013 Interne Dokumente \u2013 Artikel \u2013 Berichte \u2013 Korrespondenzen \u2013 und vieles mehr<\/p>\n\n\n\n<p class=\"has-text-color\" style=\"color:#7a5418\">Als tschechische Muttersprachlerin \u00fcbersetze ich <strong>Sachb\u00fccher, <\/strong>f\u00fchre <strong>Korrektorat<\/strong> und <strong>Lektorat<\/strong> durch.<br>Ich biete auch \u00dcbersetzungen ins Tschechische nach dem s.g. Vier-Augen-Prinzip an. <\/p>\n\n\n\n<p class=\"has-text-color has-medium-font-size\" style=\"color:#b71f3b\"><strong>B2B<\/strong> <strong>deutsch-tschechische Kooperation<\/strong><\/p>\n\n\n\n<p class=\"has-text-color\" style=\"color:#7a5418\"><em>Verbindungen schaffen, \u00fcber Grenzen hinweg wachsen.<\/em>..<\/p>\n\n\n\n<p class=\"has-text-color\" style=\"color:#7a5418\">Mit meinen seri\u00f6sen Partnern in Tschechien begleiten wir Ihr grenz\u00fcberschreitendes Projekt. <\/p>\n\n\n\n<p><\/p>\n\n\n\n<p class=\"has-text-color\" style=\"color:#7a5418\">Ich vermittle solide Verbindungen zu weiteren Experten in Tschechien und helfe Ihnen dabei, Ihre neue Gesch\u00e4ftsidee hinter die Grenze zu bringen.<\/p>\n\n\n\n<p class=\"has-text-color\" style=\"color:#7a5418\">Ich vermittle Kontakte zu Ihren zuk\u00fcnftigen tschechischen Gesch\u00e4ftspartnern und helfe Ihnen, Gesch\u00e4ftsbeziehungen hinter der Grenze aufzubauen.<\/p>\n\n\n\n<p class=\"has-text-color has-link-color has-medium-font-size wp-elements-1abe8e43fdc77d0a7782ddc23858b01c\" style=\"color:#b71f3b\"><strong>B2B<\/strong> <strong>Sprachkurse<\/strong> <\/p>\n\n\n\n<p class=\"has-text-color\" style=\"color:#7a5418\">angepasst an spezielle Bed\u00fcrfnisse der Firmen in den Grenzregionen.<\/p>\n\n\n\n<p class=\"has-text-color has-link-color wp-elements-cd39c662a8e71c1dd4c114558c210680\" style=\"color:#7a5418\"><strong>Deutsch als Fremdsprache<\/strong> <em>f\u00fcr Ihre Mitarbeiter aus Tschechien<\/em><\/p>\n\n\n\n<p class=\"has-text-color has-link-color wp-elements-243e28b84c6a96d92ab1e2c4518ba8f6\" style=\"color:#7a5418\"><strong>Tschechisch als Fremdsprache<\/strong> <em>f\u00fcr Ihr deutschsprachiges Team <\/em><\/p>\n\n\n\n<blockquote class=\"wp-block-quote is-layout-flow wp-block-quote-is-layout-flow\">\n<p class=\"has-text-color has-link-color has-large-font-size wp-elements-86a61a4c30743f183dada6421169fc20\" style=\"color:#b71f3b\"><em>Kontaktieren Sie mich noch heute<\/em> <em>und erfahren mehr \u00fcber mein Angebot..<\/em>.<\/p>\n<\/blockquote>\n\n\n\n<p class=\"has-text-color has-medium-font-size\" style=\"color:#b71f3b\"><strong>Grenz\u00fcberschreitende\nProjekte:<\/strong><\/p>\n\n\n\n<p class=\"has-text-color\" style=\"color:#7a5418\">Gerne stehe ich Ihnen mit s\u00e4mtlichen sprachmittlerischen T\u00e4tigkeiten zur Seite \u2013 dazu geh\u00f6ren auch gr\u00fcndliche Recherchen, Texte verfassen, Kontaktaufnahmen zu lokalen Agenturen, \u00c4mtern, \u00f6rtlicher Presse, \u2026<\/p>\n\n\n\n<p class=\"has-text-color has-medium-font-size\" style=\"color:#b71f3b\"><strong>Sch\u00f6ngeistige Literatur<\/strong><\/p>\n\n\n\n<p class=\"has-text-color\" style=\"color:#7a5418\">Eine belletristische\n\u00dcbersetzung ist meine Herzensangelegenheit, weil sie (anders als eine\nFach\u00fcbersetzung) zu den individuellen, kreativen geistigen Sch\u00f6pfungen z\u00e4hlt.<\/p>\n\n\n\n<p class=\"has-text-color\" style=\"color:#7a5418\">Ich nutze den umfangreichen Wortschatz, \u00fcber den die sch\u00f6ne tschechische Sprache verf\u00fcgt und sch\u00f6pfe aus dem breiten Spektrum von verschiedenen Redemitteln, Synonymem, Idiomen und Sprichw\u00f6rtern, \u2026<\/p>\n\n\n\n<p><\/p>\n\n\n\n<p class=\"has-text-align-center has-text-color has-medium-font-size\" style=\"color:#b71f3b\"><strong>Sonstiges:<\/strong><\/p>\n\n\n\n<p class=\"has-text-align-center has-text-color\" style=\"color:#7a5418\">Tschechisch <strong><a rel=\"noreferrer noopener\" aria-label=\"Coaching, Kurse f\u00fcr Kleingruppen, Nachhilfe (\u00f6ffnet in neuem Tab)\" href=\"https:\/\/tschechinatorin.de\/index.php\/kurse\/\" target=\"_blank\">Coaching, Kurse f\u00fcr Kleingruppen, Nachhilfe<\/a><\/strong><\/p>\n\n\n\n<p class=\"has-text-align-center has-text-color\" style=\"color:#7a5418\">Zweisprachiges Kindertheaterst\u00fcck <strong><a rel=\"noreferrer noopener\" href=\"https:\/\/tschechinatorin.de\/index.php\/maerchenkoffer\/\" target=\"_blank\">B\u00f6hmisch-Bayerischer M\u00e4rchenkoffer<\/a><\/strong><\/p>\n\n\n\n<div class=\"wp-block-file aligncenter\"><a href=\"https:\/\/tschechinatorin.de\/wp-content\/uploads\/2020\/04\/M\u00e4rchenkoffer.pdf\" class=\"wp-block-file__button wp-element-button\" download><span class=\"has-inline-color has-white-color\">PDF zum DOWNLOAD<\/span><\/a><\/div>\n\n\n\n<p><\/p>\n\n\n\n<p class=\"has-text-align-center has-text-color\" style=\"color:#7a5418\"><a rel=\"noreferrer noopener\" href=\"https:\/\/tschechinatorin.de\/wp-content\/uploads\/2020\/04\/Autorenlesung-lq-1.pdf\" target=\"_blank\"><strong>Zweisprachige Autorenlesung<\/strong> aus dem Buch Weibersturm und M\u00e4nnerhagel: PDF zum Download f\u00fcr weitere Informationen<\/a><\/p>\n\n\n\n<div class=\"wp-block-file aligncenter\"><a href=\"https:\/\/tschechinatorin.de\/wp-content\/uploads\/2021\/03\/Autorenlesung-moverlag.pdf\" class=\"wp-block-file__button wp-element-button\" download><span class=\"has-inline-color has-white-color\">PDF zum DOWNLOAD<\/span><\/a><\/div>\n\n\n\n<p class=\"has-text-align-center has-text-color\" style=\"color:#7a5418\">Im Studio <strong>Lunatic Blue Productions<\/strong> von Thorsten Blau wurde die <strong>Audiofassung<\/strong> aufgenommen.<br><strong>Die tschechische Version der Geschichte M\u00e4nnerhagel<\/strong> k\u00f6nnen Sie sich unter folgendem Link anh\u00f6ren:<br><a href=\"https:\/\/demspolu.cz\/?p=14\"><strong>https:\/\/demspolu.cz\/?p=14<\/strong><\/a><\/p>\n\n\n\n<p><\/p>\n\n\n\n<p class=\"has-text-align-center has-text-color\" style=\"color:#7a5418\"><strong>Begegnungen<br><\/strong>auf <strong>Deutsch<\/strong> oder auf <strong>Tschechisch<\/strong> f\u00fcr Interessenten von H\u00fcben und Dr\u00fcben<strong>.<\/strong><\/p>\n\n\n\n<p class=\"has-text-align-center has-text-color\" style=\"color:#7a5418\"><\/p>\n\n\n\n<p class=\"has-text-align-center has-text-color\" style=\"color:#7a5418\">Grenz\u00fcberschreitendes Projekt:<\/p>\n\n\n<div class=\"wp-block-image\">\n<figure class=\"aligncenter size-large is-resized\"><a href=\"https:\/\/czusammen.de\/\" target=\"_blank\" rel=\"noreferrer noopener\"><img loading=\"lazy\" decoding=\"async\" width=\"1024\" height=\"391\" src=\"https:\/\/tschechinatorin.de\/wp-content\/uploads\/2020\/01\/czusammen.de_.logo_-1024x391.png\" alt=\"czusammen.de\" class=\"wp-image-135\" style=\"width:256px;height:98px\" srcset=\"https:\/\/tschechinatorin.de\/wp-content\/uploads\/2020\/01\/czusammen.de_.logo_-1024x391.png 1024w, https:\/\/tschechinatorin.de\/wp-content\/uploads\/2020\/01\/czusammen.de_.logo_-300x115.png 300w, https:\/\/tschechinatorin.de\/wp-content\/uploads\/2020\/01\/czusammen.de_.logo_-768x293.png 768w, https:\/\/tschechinatorin.de\/wp-content\/uploads\/2020\/01\/czusammen.de_.logo_-1536x587.png 1536w, https:\/\/tschechinatorin.de\/wp-content\/uploads\/2020\/01\/czusammen.de_.logo_.png 1812w\" sizes=\"(max-width: 1024px) 100vw, 1024px\" \/><\/a><\/figure><\/div>\n\n\n<p class=\"has-text-align-center has-small-font-size\"><a href=\"https:\/\/tschechinatorin.de\/index.php\/datenschutz\/\" target=\"_blank\" rel=\"noreferrer noopener\">Datenschutzerkl\u00e4rung<\/a><\/p>\n","protected":false},"excerpt":{"rendered":"<p>Sprachmittler \u2013 Dienstleistungen \u00dcbersetzungen: Tschechisch \u2194 Deutsch Webseiten \u2013 Werbetexte \u2013 Interne Dokumente \u2013 Artikel &hellip; <\/p>\n","protected":false},"author":1,"featured_media":50,"parent":0,"menu_order":0,"comment_status":"closed","ping_status":"closed","template":"","meta":{"footnotes":""},"_links":{"self":[{"href":"https:\/\/tschechinatorin.de\/index.php\/wp-json\/wp\/v2\/pages\/17"}],"collection":[{"href":"https:\/\/tschechinatorin.de\/index.php\/wp-json\/wp\/v2\/pages"}],"about":[{"href":"https:\/\/tschechinatorin.de\/index.php\/wp-json\/wp\/v2\/types\/page"}],"author":[{"embeddable":true,"href":"https:\/\/tschechinatorin.de\/index.php\/wp-json\/wp\/v2\/users\/1"}],"replies":[{"embeddable":true,"href":"https:\/\/tschechinatorin.de\/index.php\/wp-json\/wp\/v2\/comments?post=17"}],"version-history":[{"count":33,"href":"https:\/\/tschechinatorin.de\/index.php\/wp-json\/wp\/v2\/pages\/17\/revisions"}],"predecessor-version":[{"id":442,"href":"https:\/\/tschechinatorin.de\/index.php\/wp-json\/wp\/v2\/pages\/17\/revisions\/442"}],"wp:featuredmedia":[{"embeddable":true,"href":"https:\/\/tschechinatorin.de\/index.php\/wp-json\/wp\/v2\/media\/50"}],"wp:attachment":[{"href":"https:\/\/tschechinatorin.de\/index.php\/wp-json\/wp\/v2\/media?parent=17"}],"curies":[{"name":"wp","href":"https:\/\/api.w.org\/{rel}","templated":true}]}}